{"id":16,"date":"2025-10-29T17:11:17","date_gmt":"2025-10-29T17:11:17","guid":{"rendered":"https:\/\/mediumblue-mallard-748239.hostingersite.com\/?page_id=16"},"modified":"2025-10-30T17:02:56","modified_gmt":"2025-10-30T17:02:56","slug":"home","status":"publish","type":"page","link":"https:\/\/eb.lcmr.ca\/fr\/","title":{"rendered":"Home"},"content":{"rendered":"<div data-elementor-type=\"wp-page\" data-elementor-id=\"16\" class=\"elementor elementor-16\">\n\t\t\t\t<div class=\"elementor-element elementor-element-2ab7890 e-con-full e-flex e-con e-parent\" data-id=\"2ab7890\" data-element_type=\"container\" data-settings=\"{&quot;background_background&quot;:&quot;video&quot;,&quot;background_video_link&quot;:&quot;https:\\\/\\\/www.youtube.com\\\/watch?v=kSz19z6NpDo&amp;pp=ygUQc3VidXJiYW4gZWJnYW1lcw%3D%3D&quot;,&quot;background_privacy_mode&quot;:&quot;yes&quot;,&quot;background_play_on_mobile&quot;:&quot;yes&quot;,&quot;background_video_end&quot;:8}\">\n\t\t<div class=\"elementor-background-video-container\" aria-hidden=\"true\">\n\t\t\t\t\t\t\t<div class=\"elementor-background-video-embed\"><\/div>\n\t\t\t\t\t\t<\/div><div class=\"elementor-element elementor-element-35fd65c e-con-full e-flex e-con e-child\" data-id=\"35fd65c\" data-element_type=\"container\">\n\t\t\t\t<div class=\"elementor-element elementor-element-900a511 elementor-widget elementor-widget-heading\" data-id=\"900a511\" data-element_type=\"widget\" data-widget_type=\"heading.default\">\n\t\t\t\t\t<h1 class=\"elementor-heading-title elementor-size-default\"><b>Maintenant ouvert aux Cours Mont-Royal<\/b>\n<br>le plus grand EB Games au Canada<br><\/h1>\t\t\t\t<\/div>\n\t\t<div class=\"elementor-element elementor-element-e371ff1 e-grid e-con-boxed e-con e-child\" data-id=\"e371ff1\" data-element_type=\"container\">\n\t\t\t\t\t<div class=\"e-con-inner\">\n\t\t\t\t<div class=\"elementor-element elementor-element-ca30a3a elementor-align-right elementor-mobile-align-center elementor-widget elementor-widget-button\" data-id=\"ca30a3a\" data-element_type=\"widget\" data-widget_type=\"button.default\">\n\t\t\t\t\t\t\t\t\t\t<a class=\"elementor-button elementor-button-link elementor-size-sm\" href=\"#form\" id=\"12\">\n\t\t\t\t\t\t<span class=\"elementor-button-content-wrapper\">\n\t\t\t\t\t\t\t\t\t<span class=\"elementor-button-text\">Book Activities<\/span>\n\t\t\t\t\t<\/span>\n\t\t\t\t\t<\/a>\n\t\t\t\t\t\t\t\t<\/div>\n\t\t\t\t<div class=\"elementor-element elementor-element-4d909ec elementor-mobile-align-center elementor-widget elementor-widget-button\" data-id=\"4d909ec\" data-element_type=\"widget\" data-widget_type=\"button.default\">\n\t\t\t\t\t\t\t\t\t\t<a class=\"elementor-button elementor-button-link elementor-size-sm elementor-animation-shrink\" href=\"#Book\">\n\t\t\t\t\t\t<span class=\"elementor-button-content-wrapper\">\n\t\t\t\t\t\t\t\t\t<span class=\"elementor-button-text\">Attractions<\/span>\n\t\t\t\t\t<\/span>\n\t\t\t\t\t<\/a>\n\t\t\t\t\t\t\t\t<\/div>\n\t\t\t\t\t<\/div>\n\t\t\t\t<\/div>\n\t\t\t\t<\/div>\n\t\t\t\t<\/div>\n\t\t<div class=\"elementor-element elementor-element-bf76f41 e-flex e-con-boxed e-con e-parent\" data-id=\"bf76f41\" data-element_type=\"container\">\n\t\t\t\t\t<div class=\"e-con-inner\">\n\t\t\t\t<div class=\"elementor-element elementor-element-d723afc elementor-widget elementor-widget-heading\" data-id=\"d723afc\" data-element_type=\"widget\" data-widget_type=\"heading.default\">\n\t\t\t\t\t<h2 class=\"elementor-heading-title elementor-size-default\">\u00c9v\u00e9nements \u00e0 venir<\/h2>\t\t\t\t<\/div>\n\t\t\t\t<div class=\"elementor-element elementor-element-0af573c e-n-tabs-mobile elementor-widget elementor-widget-n-tabs\" data-id=\"0af573c\" data-element_type=\"widget\" data-settings=\"{&quot;horizontal_scroll&quot;:&quot;disable&quot;}\" data-widget_type=\"nested-tabs.default\">\n\t\t\t\t\t\t\t<div class=\"e-n-tabs\" data-widget-number=\"11491132\" aria-label=\"Tabs. Open items with Enter or Space, close with Escape and navigate using the Arrow keys.\">\n\t\t\t<div class=\"e-n-tabs-heading\" role=\"tablist\">\n\t\t\t\t\t<button id=\"sale-events\" data-tab-title-id=\"e-n-tab-title-114911321\" class=\"e-n-tab-title elementor-animation-shrink\" aria-selected=\"true\" data-tab-index=\"1\" role=\"tab\" tabindex=\"0\" aria-controls=\"e-n-tab-content-114911321\" style=\"--n-tabs-title-order: 1;\">\n\t\t\t\t\t\t<span class=\"e-n-tab-title-text\">\n\t\t\t\tSoldes\t\t\t<\/span>\n\t\t<\/button>\n\t\t\t\t<button id=\"e-n-tab-title-114911322\" data-tab-title-id=\"e-n-tab-title-114911322\" class=\"e-n-tab-title elementor-animation-shrink\" aria-selected=\"false\" data-tab-index=\"2\" role=\"tab\" tabindex=\"-1\" aria-controls=\"e-n-tab-content-114911322\" style=\"--n-tabs-title-order: 2;\">\n\t\t\t\t\t\t<span class=\"e-n-tab-title-text\">\n\t\t\t\tLancements de jeux\t\t\t<\/span>\n\t\t<\/button>\n\t\t\t\t<button id=\"e-n-tab-title-114911323\" data-tab-title-id=\"e-n-tab-title-114911323\" class=\"e-n-tab-title elementor-animation-shrink\" aria-selected=\"false\" data-tab-index=\"3\" role=\"tab\" tabindex=\"-1\" aria-controls=\"e-n-tab-content-114911323\" style=\"--n-tabs-title-order: 3;\">\n\t\t\t\t\t\t<span class=\"e-n-tab-title-text\">\n\t\t\t\tTournois\t\t\t<\/span>\n\t\t<\/button>\n\t\t\t\t\t<\/div>\n\t\t\t<div class=\"e-n-tabs-content\">\n\t\t\t\t<div id=\"e-n-tab-content-114911321\" role=\"tabpanel\" aria-labelledby=\"sale-events\" data-tab-index=\"1\" style=\"--n-tabs-title-order: 1;\" class=\"e-active elementor-element elementor-element-79663b1 e-con-full e-flex e-con e-child\" data-id=\"79663b1\" data-element_type=\"container\">\n\t\t<div class=\"elementor-element elementor-element-a14e3b4 e-flex e-con-boxed e-con e-child\" data-id=\"a14e3b4\" data-element_type=\"container\">\n\t\t\t\t\t<div class=\"e-con-inner\">\n\t\t\t\t<div class=\"elementor-element elementor-element-1acfe38 elementor-widget elementor-widget-text-editor\" data-id=\"1acfe38\" data-element_type=\"widget\" id=\"sale-events\" data-widget_type=\"text-editor.default\">\n\t\t\t\t\t\t\t\t\t<ul><li>Lorem ipsum dolor sit<\/li><li>amet, consectetur adipiscing elit. Ut elit<\/li><li>tellus, luctus nec ullamcorper mattis, pulvinar dapibus leo.<\/li><\/ul>\t\t\t\t\t\t\t\t<\/div>\n\t\t\t\t\t<\/div>\n\t\t\t\t<\/div>\n\t\t\t\t<\/div>\n\t\t<div id=\"e-n-tab-content-114911322\" role=\"tabpanel\" aria-labelledby=\"e-n-tab-title-114911322\" data-tab-index=\"2\" style=\"--n-tabs-title-order: 2;\" class=\"elementor-element elementor-element-7bb5228 e-con-full e-flex e-con e-child\" data-id=\"7bb5228\" data-element_type=\"container\">\n\t\t\t\t<\/div>\n\t\t<div id=\"e-n-tab-content-114911323\" role=\"tabpanel\" aria-labelledby=\"e-n-tab-title-114911323\" data-tab-index=\"3\" style=\"--n-tabs-title-order: 3;\" class=\"elementor-element elementor-element-9e50127 e-con-full e-flex e-con e-child\" data-id=\"9e50127\" data-element_type=\"container\">\n\t\t\t\t<\/div>\n\t\t\t\t\t<\/div>\n\t\t<\/div>\n\t\t\t\t\t\t<\/div>\n\t\t\t\t\t<\/div>\n\t\t\t\t<\/div>\n\t\t<div class=\"elementor-element elementor-element-c8a9390 e-flex e-con-boxed e-con e-parent\" data-id=\"c8a9390\" data-element_type=\"container\">\n\t\t\t\t\t<div class=\"e-con-inner\">\n\t\t<div class=\"elementor-element elementor-element-96500db e-con-full e-flex e-con e-child\" data-id=\"96500db\" data-element_type=\"container\">\n\t\t\t\t<div class=\"elementor-element elementor-element-cf10507 elementor-widget elementor-widget-image\" data-id=\"cf10507\" data-element_type=\"widget\" data-widget_type=\"image.default\">\n\t\t\t\t\t\t\t\t\t\t\t\t\t\t\t<img fetchpriority=\"high\" decoding=\"async\" width=\"800\" height=\"540\" src=\"https:\/\/eb.lcmr.ca\/wp-content\/uploads\/2025\/10\/pano1.jpg\" class=\"attachment-large size-large wp-image-95\" alt=\"\" srcset=\"https:\/\/eb.lcmr.ca\/wp-content\/uploads\/2025\/10\/pano1.jpg 800w, https:\/\/eb.lcmr.ca\/wp-content\/uploads\/2025\/10\/pano1-300x203.jpg 300w, https:\/\/eb.lcmr.ca\/wp-content\/uploads\/2025\/10\/pano1-768x518.jpg 768w, https:\/\/eb.lcmr.ca\/wp-content\/uploads\/2025\/10\/pano1-18x12.jpg 18w\" sizes=\"(max-width: 800px) 100vw, 800px\" \/>\t\t\t\t\t\t\t\t\t\t\t\t\t\t\t<\/div>\n\t\t\t\t<\/div>\n\t\t<div class=\"elementor-element elementor-element-f2ecbf5 e-con-full e-flex e-con e-child\" data-id=\"f2ecbf5\" data-element_type=\"container\">\n\t\t\t\t<div class=\"elementor-element elementor-element-4d63e8b elementor-widget elementor-widget-heading\" data-id=\"4d63e8b\" data-element_type=\"widget\" data-widget_type=\"heading.default\">\n\t\t\t\t\t<h2 class=\"elementor-heading-title elementor-size-default\">Les Cours Mont-Royal - Where Gaming Comes Alive!<\/h2>\t\t\t\t<\/div>\n\t\t\t\t<div class=\"elementor-element elementor-element-98d3464 elementor-widget elementor-widget-text-editor\" data-id=\"98d3464\" data-element_type=\"widget\" data-widget_type=\"text-editor.default\">\n\t\t\t\t\t\t\t\t\t<p>Nich\u00e9 au c\u0153ur de la destination shopping la plus prestigieuse de Montr\u00e9al, Les Cours Mont-Royal \u00d7 EB Games r\u00e9unit deux univers : la sophistication intemporelle d'un lieu patrimonial et l'\u00e9nergie avant-gardiste de la culture gaming.<\/p>\n<p><strong>Un partenariat parfait<\/strong><br>Les Cours Mont-Royal est depuis longtemps un sanctuaire pour les acheteurs avertis\u2014un lieu o\u00f9 des boutiques exclusives, des restaurants renomm\u00e9s et des services de classe mondiale cr\u00e9ent une exp\u00e9rience in\u00e9gal\u00e9e. Aujourd'hui, avec le nouveau concept store audacieux d'EB Games et le p\u00f4le \u00e9v\u00e9nementiel innovant EBX, LCMR ajoute une nouvelle dimension palpitante \u00e0 son offre.<br>Now, with EB Games&#8217; bold new concept store and the innovative EBX event hub, LCMR adds a thrilling new dimension to its offerings.<br><span style=\"font-style: inherit;\"><b><br>Plus qu'un centre commercial, une destination<br><\/b><\/span><span style=\"font-style: inherit; font-weight: inherit;\">Des d\u00e9mos de jeux interactives et des activations en direct avec Nintendo et Pok\u00e9mon, \u00e0 l'architecture \u00e9poustouflante et \u00e0 l'\u00e9l\u00e9gance soign\u00e9e qui d\u00e9finit LCMR, c'est ici que la communaut\u00e9 gaming de Montr\u00e9al rencontre la sophistication de classe mondiale.<\/span><\/p><p>Visitez-nous au 1455, rue Peel, Montr\u00e9al. D\u00e9couvrez pourquoi Les Cours Mont-Royal \u00d7 EB Games red\u00e9finit ce que signifie magasiner, jouer et se connecter au c\u0153ur du centre-ville de Montr\u00e9al.<\/p>\t\t\t\t\t\t\t\t<\/div>\n\t\t\t\t<\/div>\n\t\t\t\t\t<\/div>\n\t\t\t\t<\/div>\n\t\t\t\t<\/div>","protected":false},"excerpt":{"rendered":"<p>now open at les cours montreal the largest eb games in canada Book Activities Attractions Upcoming Events Sale Events Game [&hellip;]<\/p>","protected":false},"author":1,"featured_media":0,"parent":0,"menu_order":0,"comment_status":"closed","ping_status":"closed","template":"elementor_header_footer","meta":{"site-sidebar-layout":"no-sidebar","site-content-layout":"plain-container","ast-site-content-layout":"default","site-content-style":"default","site-sidebar-style":"default","ast-global-header-display":"","ast-banner-title-visibility":"","ast-main-header-display":"","ast-hfb-above-header-display":"","ast-hfb-below-header-display":"","ast-hfb-mobile-header-display":"","site-post-title":"disabled","ast-breadcrumbs-content":"","ast-featured-img":"disabled","footer-sml-layout":"","theme-transparent-header-meta":"enabled","adv-header-id-meta":"","stick-header-meta":"","header-above-stick-meta":"","header-main-stick-meta":"","header-below-stick-meta":"","astra-migrate-meta-layouts":"default","ast-page-background-enabled":"default","ast-page-background-meta":{"desktop":{"background-color":"var(--ast-global-color-5)","background-image":"","background-repeat":"repeat","background-position":"center center","background-size":"auto","background-attachment":"scroll","background-type":"","background-media":"","overlay-type":"","overlay-color":"","overlay-opacity":"","overlay-gradient":""},"tablet":{"background-color":"","background-image":"","background-repeat":"repeat","background-position":"center center","background-size":"auto","background-attachment":"scroll","background-type":"","background-media":"","overlay-type":"","overlay-color":"","overlay-opacity":"","overlay-gradient":""},"mobile":{"background-color":"","background-image":"","background-repeat":"repeat","background-position":"center center","background-size":"auto","background-attachment":"scroll","background-type":"","background-media":"","overlay-type":"","overlay-color":"","overlay-opacity":"","overlay-gradient":""}},"ast-content-background-meta":{"desktop":{"background-color":"var(--ast-global-color-4)","background-image":"","background-repeat":"repeat","background-position":"center center","background-size":"auto","background-attachment":"scroll","background-type":"","background-media":"","overlay-type":"","overlay-color":"","overlay-opacity":"","overlay-gradient":""},"tablet":{"background-color":"var(--ast-global-color-4)","background-image":"","background-repeat":"repeat","background-position":"center center","background-size":"auto","background-attachment":"scroll","background-type":"","background-media":"","overlay-type":"","overlay-color":"","overlay-opacity":"","overlay-gradient":""},"mobile":{"background-color":"var(--ast-global-color-4)","background-image":"","background-repeat":"repeat","background-position":"center center","background-size":"auto","background-attachment":"scroll","background-type":"","background-media":"","overlay-type":"","overlay-color":"","overlay-opacity":"","overlay-gradient":""}},"footnotes":""},"class_list":["post-16","page","type-page","status-publish","hentry"],"_hostinger_reach_plugin_has_subscription_block":false,"_hostinger_reach_plugin_is_elementor":false,"_links":{"self":[{"href":"https:\/\/eb.lcmr.ca\/fr\/wp-json\/wp\/v2\/pages\/16","targetHints":{"allow":["GET"]}}],"collection":[{"href":"https:\/\/eb.lcmr.ca\/fr\/wp-json\/wp\/v2\/pages"}],"about":[{"href":"https:\/\/eb.lcmr.ca\/fr\/wp-json\/wp\/v2\/types\/page"}],"author":[{"embeddable":true,"href":"https:\/\/eb.lcmr.ca\/fr\/wp-json\/wp\/v2\/users\/1"}],"replies":[{"embeddable":true,"href":"https:\/\/eb.lcmr.ca\/fr\/wp-json\/wp\/v2\/comments?post=16"}],"version-history":[{"count":37,"href":"https:\/\/eb.lcmr.ca\/fr\/wp-json\/wp\/v2\/pages\/16\/revisions"}],"predecessor-version":[{"id":98,"href":"https:\/\/eb.lcmr.ca\/fr\/wp-json\/wp\/v2\/pages\/16\/revisions\/98"}],"wp:attachment":[{"href":"https:\/\/eb.lcmr.ca\/fr\/wp-json\/wp\/v2\/media?parent=16"}],"curies":[{"name":"wp","href":"https:\/\/api.w.org\/{rel}","templated":true}]}}